{"id":2757,"date":"2024-06-30T17:58:27","date_gmt":"2024-06-30T15:58:27","guid":{"rendered":"https:\/\/parolin-france.fr\/index.php\/produit\/kit-de-revision-pour-etrier-de-frein-ap-race-arriere-mini\/"},"modified":"2025-05-20T10:49:29","modified_gmt":"2025-05-20T08:49:29","slug":"kit-de-revision-pour-etrier-de-frein-ap-race-arriere-mini","status":"publish","type":"product","link":"https:\/\/parolin-france.fr\/index.php\/produit\/kit-de-revision-pour-etrier-de-frein-ap-race-arriere-mini\/","title":{"rendered":"KIT DE R\u00c9VISION POUR \u00c9TRIER DE FREIN AP-RACE ARRI\u00c8RE MINI OU AVANT KZ"},"content":{"rendered":"<p>KIT DE R\u00c9VISION POUR \u00c9TRIER DE FREIN AP-RACE ARRI\u00c8RE MINI OU AVANT KZ<\/p>\n","protected":false},"excerpt":{"rendered":"<p>KIT DE R\u00c9VISION POUR \u00c9TRIER DE FREIN AP-RACE ARRI\u00c8RE MINI<\/p>\n","protected":false},"featured_media":486,"template":"","meta":{"_crdt_document":""},"product_brand":[],"product_cat":[56,83,59,18],"product_tag":[],"class_list":{"0":"post-2757","1":"product","2":"type-product","3":"status-publish","4":"has-post-thumbnail","6":"product_cat-freins","7":"product_cat-freins-parolin-kz","8":"product_cat-parolin-kz","9":"product_cat-mini-60","11":"first","12":"instock","13":"taxable","14":"shipping-taxable","15":"purchasable","16":"product-type-simple"},"yoast_head":"<!-- This site is optimized with the Yoast SEO plugin v27.3 - https:\/\/yoast.com\/product\/yoast-seo-wordpress\/ -->\n<title>KIT DE R\u00c9VISION POUR \u00c9TRIER DE FREIN AP-RACE ARRI\u00c8RE MINI OU AVANT KZ - PAROLIN FRANCE<\/title>\n<meta name=\"robots\" content=\"index, follow, max-snippet:-1, max-image-preview:large, max-video-preview:-1\" \/>\n<link rel=\"canonical\" href=\"https:\/\/parolin-france.fr\/index.php\/produit\/kit-de-revision-pour-etrier-de-frein-ap-race-arriere-mini\/\" \/>\n<meta property=\"og:locale\" content=\"fr_FR\" \/>\n<meta property=\"og:type\" content=\"article\" \/>\n<meta property=\"og:title\" content=\"KIT DE R\u00c9VISION POUR \u00c9TRIER DE FREIN AP-RACE ARRI\u00c8RE MINI OU AVANT KZ - PAROLIN FRANCE\" \/>\n<meta property=\"og:description\" content=\"KIT DE R\u00c9VISION POUR \u00c9TRIER DE FREIN AP-RACE ARRI\u00c8RE MINI\" \/>\n<meta property=\"og:url\" content=\"https:\/\/parolin-france.fr\/index.php\/produit\/kit-de-revision-pour-etrier-de-frein-ap-race-arriere-mini\/\" \/>\n<meta property=\"og:site_name\" content=\"PAROLIN FRANCE\" \/>\n<meta property=\"article:modified_time\" content=\"2025-05-20T08:49:29+00:00\" \/>\n<meta property=\"og:image\" content=\"https:\/\/parolin-france.fr\/wp-content\/uploads\/2024\/03\/30RPIAA06.jpg\" \/>\n\t<meta property=\"og:image:width\" content=\"1600\" \/>\n\t<meta property=\"og:image:height\" content=\"1066\" \/>\n\t<meta property=\"og:image:type\" content=\"image\/jpeg\" \/>\n<meta name=\"twitter:card\" content=\"summary_large_image\" \/>\n<meta name=\"twitter:label1\" content=\"Dur\u00e9e de lecture estim\u00e9e\" \/>\n\t<meta name=\"twitter:data1\" content=\"1 minute\" \/>\n<script type=\"application\/ld+json\" class=\"yoast-schema-graph\">{\"@context\":\"https:\\\/\\\/schema.org\",\"@graph\":[{\"@type\":\"WebPage\",\"@id\":\"https:\\\/\\\/parolin-france.fr\\\/index.php\\\/produit\\\/kit-de-revision-pour-etrier-de-frein-ap-race-arriere-mini\\\/\",\"url\":\"https:\\\/\\\/parolin-france.fr\\\/index.php\\\/produit\\\/kit-de-revision-pour-etrier-de-frein-ap-race-arriere-mini\\\/\",\"name\":\"KIT DE R\u00c9VISION POUR \u00c9TRIER DE FREIN AP-RACE ARRI\u00c8RE MINI OU AVANT KZ - PAROLIN FRANCE\",\"isPartOf\":{\"@id\":\"https:\\\/\\\/parolin-france.fr\\\/#website\"},\"primaryImageOfPage\":{\"@id\":\"https:\\\/\\\/parolin-france.fr\\\/index.php\\\/produit\\\/kit-de-revision-pour-etrier-de-frein-ap-race-arriere-mini\\\/#primaryimage\"},\"image\":{\"@id\":\"https:\\\/\\\/parolin-france.fr\\\/index.php\\\/produit\\\/kit-de-revision-pour-etrier-de-frein-ap-race-arriere-mini\\\/#primaryimage\"},\"thumbnailUrl\":\"https:\\\/\\\/parolin-france.fr\\\/wp-content\\\/uploads\\\/2024\\\/03\\\/30RPIAA06.jpg\",\"datePublished\":\"2024-06-30T15:58:27+00:00\",\"dateModified\":\"2025-05-20T08:49:29+00:00\",\"breadcrumb\":{\"@id\":\"https:\\\/\\\/parolin-france.fr\\\/index.php\\\/produit\\\/kit-de-revision-pour-etrier-de-frein-ap-race-arriere-mini\\\/#breadcrumb\"},\"inLanguage\":\"fr-FR\",\"potentialAction\":[{\"@type\":\"ReadAction\",\"target\":[\"https:\\\/\\\/parolin-france.fr\\\/index.php\\\/produit\\\/kit-de-revision-pour-etrier-de-frein-ap-race-arriere-mini\\\/\"]}]},{\"@type\":\"ImageObject\",\"inLanguage\":\"fr-FR\",\"@id\":\"https:\\\/\\\/parolin-france.fr\\\/index.php\\\/produit\\\/kit-de-revision-pour-etrier-de-frein-ap-race-arriere-mini\\\/#primaryimage\",\"url\":\"https:\\\/\\\/parolin-france.fr\\\/wp-content\\\/uploads\\\/2024\\\/03\\\/30RPIAA06.jpg\",\"contentUrl\":\"https:\\\/\\\/parolin-france.fr\\\/wp-content\\\/uploads\\\/2024\\\/03\\\/30RPIAA06.jpg\",\"width\":1600,\"height\":1066},{\"@type\":\"BreadcrumbList\",\"@id\":\"https:\\\/\\\/parolin-france.fr\\\/index.php\\\/produit\\\/kit-de-revision-pour-etrier-de-frein-ap-race-arriere-mini\\\/#breadcrumb\",\"itemListElement\":[{\"@type\":\"ListItem\",\"position\":1,\"name\":\"Accueil\",\"item\":\"https:\\\/\\\/parolin-france.fr\\\/\"},{\"@type\":\"ListItem\",\"position\":2,\"name\":\"Boutique\",\"item\":\"https:\\\/\\\/parolin-france.fr\\\/index.php\\\/boutique\\\/\"},{\"@type\":\"ListItem\",\"position\":3,\"name\":\"KIT DE R\u00c9VISION POUR \u00c9TRIER DE FREIN AP-RACE ARRI\u00c8RE MINI OU AVANT KZ\"}]},{\"@type\":\"WebSite\",\"@id\":\"https:\\\/\\\/parolin-france.fr\\\/#website\",\"url\":\"https:\\\/\\\/parolin-france.fr\\\/\",\"name\":\"PAROLIN FRANCE\",\"description\":\"Ch\u00e2ssis de karting\",\"publisher\":{\"@id\":\"https:\\\/\\\/parolin-france.fr\\\/#organization\"},\"potentialAction\":[{\"@type\":\"SearchAction\",\"target\":{\"@type\":\"EntryPoint\",\"urlTemplate\":\"https:\\\/\\\/parolin-france.fr\\\/?s={search_term_string}\"},\"query-input\":{\"@type\":\"PropertyValueSpecification\",\"valueRequired\":true,\"valueName\":\"search_term_string\"}}],\"inLanguage\":\"fr-FR\"},{\"@type\":\"Organization\",\"@id\":\"https:\\\/\\\/parolin-france.fr\\\/#organization\",\"name\":\"PAROLIN FRANCE\",\"url\":\"https:\\\/\\\/parolin-france.fr\\\/\",\"logo\":{\"@type\":\"ImageObject\",\"inLanguage\":\"fr-FR\",\"@id\":\"https:\\\/\\\/parolin-france.fr\\\/#\\\/schema\\\/logo\\\/image\\\/\",\"url\":\"https:\\\/\\\/parolin-france.fr\\\/wp-content\\\/uploads\\\/2024\\\/03\\\/logo_parolin_fr.jpg\",\"contentUrl\":\"https:\\\/\\\/parolin-france.fr\\\/wp-content\\\/uploads\\\/2024\\\/03\\\/logo_parolin_fr.jpg\",\"width\":1785,\"height\":456,\"caption\":\"PAROLIN FRANCE\"},\"image\":{\"@id\":\"https:\\\/\\\/parolin-france.fr\\\/#\\\/schema\\\/logo\\\/image\\\/\"}}]}<\/script>\n<!-- \/ Yoast SEO plugin. -->","yoast_head_json":{"title":"KIT DE R\u00c9VISION POUR \u00c9TRIER DE FREIN AP-RACE ARRI\u00c8RE MINI OU AVANT KZ - PAROLIN FRANCE","robots":{"index":"index","follow":"follow","max-snippet":"max-snippet:-1","max-image-preview":"max-image-preview:large","max-video-preview":"max-video-preview:-1"},"canonical":"https:\/\/parolin-france.fr\/index.php\/produit\/kit-de-revision-pour-etrier-de-frein-ap-race-arriere-mini\/","og_locale":"fr_FR","og_type":"article","og_title":"KIT DE R\u00c9VISION POUR \u00c9TRIER DE FREIN AP-RACE ARRI\u00c8RE MINI OU AVANT KZ - PAROLIN FRANCE","og_description":"KIT DE R\u00c9VISION POUR \u00c9TRIER DE FREIN AP-RACE ARRI\u00c8RE MINI","og_url":"https:\/\/parolin-france.fr\/index.php\/produit\/kit-de-revision-pour-etrier-de-frein-ap-race-arriere-mini\/","og_site_name":"PAROLIN FRANCE","article_modified_time":"2025-05-20T08:49:29+00:00","og_image":[{"width":1600,"height":1066,"url":"https:\/\/parolin-france.fr\/wp-content\/uploads\/2024\/03\/30RPIAA06.jpg","type":"image\/jpeg"}],"twitter_card":"summary_large_image","twitter_misc":{"Dur\u00e9e de lecture estim\u00e9e":"1 minute"},"schema":{"@context":"https:\/\/schema.org","@graph":[{"@type":"WebPage","@id":"https:\/\/parolin-france.fr\/index.php\/produit\/kit-de-revision-pour-etrier-de-frein-ap-race-arriere-mini\/","url":"https:\/\/parolin-france.fr\/index.php\/produit\/kit-de-revision-pour-etrier-de-frein-ap-race-arriere-mini\/","name":"KIT DE R\u00c9VISION POUR \u00c9TRIER DE FREIN AP-RACE ARRI\u00c8RE MINI OU AVANT KZ - PAROLIN FRANCE","isPartOf":{"@id":"https:\/\/parolin-france.fr\/#website"},"primaryImageOfPage":{"@id":"https:\/\/parolin-france.fr\/index.php\/produit\/kit-de-revision-pour-etrier-de-frein-ap-race-arriere-mini\/#primaryimage"},"image":{"@id":"https:\/\/parolin-france.fr\/index.php\/produit\/kit-de-revision-pour-etrier-de-frein-ap-race-arriere-mini\/#primaryimage"},"thumbnailUrl":"https:\/\/parolin-france.fr\/wp-content\/uploads\/2024\/03\/30RPIAA06.jpg","datePublished":"2024-06-30T15:58:27+00:00","dateModified":"2025-05-20T08:49:29+00:00","breadcrumb":{"@id":"https:\/\/parolin-france.fr\/index.php\/produit\/kit-de-revision-pour-etrier-de-frein-ap-race-arriere-mini\/#breadcrumb"},"inLanguage":"fr-FR","potentialAction":[{"@type":"ReadAction","target":["https:\/\/parolin-france.fr\/index.php\/produit\/kit-de-revision-pour-etrier-de-frein-ap-race-arriere-mini\/"]}]},{"@type":"ImageObject","inLanguage":"fr-FR","@id":"https:\/\/parolin-france.fr\/index.php\/produit\/kit-de-revision-pour-etrier-de-frein-ap-race-arriere-mini\/#primaryimage","url":"https:\/\/parolin-france.fr\/wp-content\/uploads\/2024\/03\/30RPIAA06.jpg","contentUrl":"https:\/\/parolin-france.fr\/wp-content\/uploads\/2024\/03\/30RPIAA06.jpg","width":1600,"height":1066},{"@type":"BreadcrumbList","@id":"https:\/\/parolin-france.fr\/index.php\/produit\/kit-de-revision-pour-etrier-de-frein-ap-race-arriere-mini\/#breadcrumb","itemListElement":[{"@type":"ListItem","position":1,"name":"Accueil","item":"https:\/\/parolin-france.fr\/"},{"@type":"ListItem","position":2,"name":"Boutique","item":"https:\/\/parolin-france.fr\/index.php\/boutique\/"},{"@type":"ListItem","position":3,"name":"KIT DE R\u00c9VISION POUR \u00c9TRIER DE FREIN AP-RACE ARRI\u00c8RE MINI OU AVANT KZ"}]},{"@type":"WebSite","@id":"https:\/\/parolin-france.fr\/#website","url":"https:\/\/parolin-france.fr\/","name":"PAROLIN FRANCE","description":"Ch\u00e2ssis de karting","publisher":{"@id":"https:\/\/parolin-france.fr\/#organization"},"potentialAction":[{"@type":"SearchAction","target":{"@type":"EntryPoint","urlTemplate":"https:\/\/parolin-france.fr\/?s={search_term_string}"},"query-input":{"@type":"PropertyValueSpecification","valueRequired":true,"valueName":"search_term_string"}}],"inLanguage":"fr-FR"},{"@type":"Organization","@id":"https:\/\/parolin-france.fr\/#organization","name":"PAROLIN FRANCE","url":"https:\/\/parolin-france.fr\/","logo":{"@type":"ImageObject","inLanguage":"fr-FR","@id":"https:\/\/parolin-france.fr\/#\/schema\/logo\/image\/","url":"https:\/\/parolin-france.fr\/wp-content\/uploads\/2024\/03\/logo_parolin_fr.jpg","contentUrl":"https:\/\/parolin-france.fr\/wp-content\/uploads\/2024\/03\/logo_parolin_fr.jpg","width":1785,"height":456,"caption":"PAROLIN FRANCE"},"image":{"@id":"https:\/\/parolin-france.fr\/#\/schema\/logo\/image\/"}}]}},"_links":{"self":[{"href":"https:\/\/parolin-france.fr\/index.php\/wp-json\/wp\/v2\/product\/2757","targetHints":{"allow":["GET"]}}],"collection":[{"href":"https:\/\/parolin-france.fr\/index.php\/wp-json\/wp\/v2\/product"}],"about":[{"href":"https:\/\/parolin-france.fr\/index.php\/wp-json\/wp\/v2\/types\/product"}],"wp:featuredmedia":[{"embeddable":true,"href":"https:\/\/parolin-france.fr\/index.php\/wp-json\/wp\/v2\/media\/486"}],"wp:attachment":[{"href":"https:\/\/parolin-france.fr\/index.php\/wp-json\/wp\/v2\/media?parent=2757"}],"wp:term":[{"taxonomy":"product_brand","embeddable":true,"href":"https:\/\/parolin-france.fr\/index.php\/wp-json\/wp\/v2\/product_brand?post=2757"},{"taxonomy":"product_cat","embeddable":true,"href":"https:\/\/parolin-france.fr\/index.php\/wp-json\/wp\/v2\/product_cat?post=2757"},{"taxonomy":"product_tag","embeddable":true,"href":"https:\/\/parolin-france.fr\/index.php\/wp-json\/wp\/v2\/product_tag?post=2757"}],"curies":[{"name":"wp","href":"https:\/\/api.w.org\/{rel}","templated":true}]}}