{"id":2434,"date":"2024-06-11T07:15:16","date_gmt":"2024-06-11T05:15:16","guid":{"rendered":"https:\/\/parolin-france.fr\/index.php\/produit\/produit-28\/"},"modified":"2026-04-28T06:54:58","modified_gmt":"2026-04-28T04:54:58","slug":"produit-28","status":"publish","type":"product","link":"https:\/\/parolin-france.fr\/index.php\/produit\/produit-28\/","title":{"rendered":"SUPPORT SUP\u00c9RIEUR INCLIN\u00c9 POUR LEVIER MOTORSPORT NOIR ANODIS\u00c9"},"content":{"rendered":"<p>SUPPORT SUP\u00c9RIEUR INCLIN\u00c9 POUR LEVIER MOTORSPORT NOIR ANODIS\u00c9<\/p>\n","protected":false},"excerpt":{"rendered":"<p>SUPPORT SUP\u00c9RIEUR INCLIN\u00c9 POUR LEVIER MOTORSPORT NOIR ANODIS\u00c9<\/p>\n","protected":false},"featured_media":2433,"template":"","meta":{"_crdt_document":""},"product_brand":[],"product_cat":[85,59],"product_tag":[],"class_list":{"0":"post-2434","1":"product","2":"type-product","3":"status-publish","4":"has-post-thumbnail","6":"product_cat-colonne-volant-parolin-kz","7":"product_cat-parolin-kz","8":"product_shipping_class-normaux","10":"first","11":"instock","12":"taxable","13":"shipping-taxable","14":"purchasable","15":"product-type-simple"},"yoast_head":"<!-- This site is optimized with the Yoast SEO plugin v27.5 - https:\/\/yoast.com\/product\/yoast-seo-wordpress\/ -->\n<title>SUPPORT SUP\u00c9RIEUR INCLIN\u00c9 POUR LEVIER MOTORSPORT NOIR ANODIS\u00c9 - PAROLIN FRANCE<\/title>\n<meta name=\"robots\" content=\"index, follow, max-snippet:-1, max-image-preview:large, max-video-preview:-1\" \/>\n<link rel=\"canonical\" href=\"https:\/\/parolin-france.fr\/index.php\/produit\/produit-28\/\" \/>\n<meta property=\"og:locale\" content=\"fr_FR\" \/>\n<meta property=\"og:type\" content=\"article\" \/>\n<meta property=\"og:title\" content=\"SUPPORT SUP\u00c9RIEUR INCLIN\u00c9 POUR LEVIER MOTORSPORT NOIR ANODIS\u00c9 - PAROLIN FRANCE\" \/>\n<meta property=\"og:description\" content=\"SUPPORT SUP\u00c9RIEUR INCLIN\u00c9 POUR LEVIER MOTORSPORT NOIR ANODIS\u00c9\" \/>\n<meta property=\"og:url\" content=\"https:\/\/parolin-france.fr\/index.php\/produit\/produit-28\/\" \/>\n<meta property=\"og:site_name\" content=\"PAROLIN FRANCE\" \/>\n<meta property=\"article:modified_time\" content=\"2026-04-28T04:54:58+00:00\" \/>\n<meta property=\"og:image\" content=\"https:\/\/parolin-france.fr\/wp-content\/uploads\/2024\/06\/10SCMB1-B.jpg\" \/>\n\t<meta property=\"og:image:width\" content=\"1200\" \/>\n\t<meta property=\"og:image:height\" content=\"800\" \/>\n\t<meta property=\"og:image:type\" content=\"image\/jpeg\" \/>\n<meta name=\"twitter:card\" content=\"summary_large_image\" \/>\n<meta name=\"twitter:label1\" content=\"Dur\u00e9e de lecture estim\u00e9e\" \/>\n\t<meta name=\"twitter:data1\" content=\"1 minute\" \/>\n<script type=\"application\/ld+json\" class=\"yoast-schema-graph\">{\"@context\":\"https:\\\/\\\/schema.org\",\"@graph\":[{\"@type\":\"WebPage\",\"@id\":\"https:\\\/\\\/parolin-france.fr\\\/index.php\\\/produit\\\/produit-28\\\/\",\"url\":\"https:\\\/\\\/parolin-france.fr\\\/index.php\\\/produit\\\/produit-28\\\/\",\"name\":\"SUPPORT SUP\u00c9RIEUR INCLIN\u00c9 POUR LEVIER MOTORSPORT NOIR ANODIS\u00c9 - PAROLIN FRANCE\",\"isPartOf\":{\"@id\":\"https:\\\/\\\/parolin-france.fr\\\/#website\"},\"primaryImageOfPage\":{\"@id\":\"https:\\\/\\\/parolin-france.fr\\\/index.php\\\/produit\\\/produit-28\\\/#primaryimage\"},\"image\":{\"@id\":\"https:\\\/\\\/parolin-france.fr\\\/index.php\\\/produit\\\/produit-28\\\/#primaryimage\"},\"thumbnailUrl\":\"https:\\\/\\\/parolin-france.fr\\\/wp-content\\\/uploads\\\/2024\\\/06\\\/10SCMB1-B.jpg\",\"datePublished\":\"2024-06-11T05:15:16+00:00\",\"dateModified\":\"2026-04-28T04:54:58+00:00\",\"breadcrumb\":{\"@id\":\"https:\\\/\\\/parolin-france.fr\\\/index.php\\\/produit\\\/produit-28\\\/#breadcrumb\"},\"inLanguage\":\"fr-FR\",\"potentialAction\":[{\"@type\":\"ReadAction\",\"target\":[\"https:\\\/\\\/parolin-france.fr\\\/index.php\\\/produit\\\/produit-28\\\/\"]}]},{\"@type\":\"ImageObject\",\"inLanguage\":\"fr-FR\",\"@id\":\"https:\\\/\\\/parolin-france.fr\\\/index.php\\\/produit\\\/produit-28\\\/#primaryimage\",\"url\":\"https:\\\/\\\/parolin-france.fr\\\/wp-content\\\/uploads\\\/2024\\\/06\\\/10SCMB1-B.jpg\",\"contentUrl\":\"https:\\\/\\\/parolin-france.fr\\\/wp-content\\\/uploads\\\/2024\\\/06\\\/10SCMB1-B.jpg\",\"width\":1200,\"height\":800},{\"@type\":\"BreadcrumbList\",\"@id\":\"https:\\\/\\\/parolin-france.fr\\\/index.php\\\/produit\\\/produit-28\\\/#breadcrumb\",\"itemListElement\":[{\"@type\":\"ListItem\",\"position\":1,\"name\":\"Accueil\",\"item\":\"https:\\\/\\\/parolin-france.fr\\\/\"},{\"@type\":\"ListItem\",\"position\":2,\"name\":\"Boutique\",\"item\":\"https:\\\/\\\/parolin-france.fr\\\/index.php\\\/boutique\\\/\"},{\"@type\":\"ListItem\",\"position\":3,\"name\":\"SUPPORT SUP\u00c9RIEUR INCLIN\u00c9 POUR LEVIER MOTORSPORT NOIR ANODIS\u00c9\"}]},{\"@type\":\"WebSite\",\"@id\":\"https:\\\/\\\/parolin-france.fr\\\/#website\",\"url\":\"https:\\\/\\\/parolin-france.fr\\\/\",\"name\":\"PAROLIN FRANCE\",\"description\":\"Ch\u00e2ssis de karting\",\"publisher\":{\"@id\":\"https:\\\/\\\/parolin-france.fr\\\/#organization\"},\"potentialAction\":[{\"@type\":\"SearchAction\",\"target\":{\"@type\":\"EntryPoint\",\"urlTemplate\":\"https:\\\/\\\/parolin-france.fr\\\/?s={search_term_string}\"},\"query-input\":{\"@type\":\"PropertyValueSpecification\",\"valueRequired\":true,\"valueName\":\"search_term_string\"}}],\"inLanguage\":\"fr-FR\"},{\"@type\":\"Organization\",\"@id\":\"https:\\\/\\\/parolin-france.fr\\\/#organization\",\"name\":\"PAROLIN FRANCE\",\"url\":\"https:\\\/\\\/parolin-france.fr\\\/\",\"logo\":{\"@type\":\"ImageObject\",\"inLanguage\":\"fr-FR\",\"@id\":\"https:\\\/\\\/parolin-france.fr\\\/#\\\/schema\\\/logo\\\/image\\\/\",\"url\":\"https:\\\/\\\/parolin-france.fr\\\/wp-content\\\/uploads\\\/2024\\\/03\\\/logo_parolin_fr.jpg\",\"contentUrl\":\"https:\\\/\\\/parolin-france.fr\\\/wp-content\\\/uploads\\\/2024\\\/03\\\/logo_parolin_fr.jpg\",\"width\":1785,\"height\":456,\"caption\":\"PAROLIN FRANCE\"},\"image\":{\"@id\":\"https:\\\/\\\/parolin-france.fr\\\/#\\\/schema\\\/logo\\\/image\\\/\"}}]}<\/script>\n<!-- \/ Yoast SEO plugin. -->","yoast_head_json":{"title":"SUPPORT SUP\u00c9RIEUR INCLIN\u00c9 POUR LEVIER MOTORSPORT NOIR ANODIS\u00c9 - PAROLIN FRANCE","robots":{"index":"index","follow":"follow","max-snippet":"max-snippet:-1","max-image-preview":"max-image-preview:large","max-video-preview":"max-video-preview:-1"},"canonical":"https:\/\/parolin-france.fr\/index.php\/produit\/produit-28\/","og_locale":"fr_FR","og_type":"article","og_title":"SUPPORT SUP\u00c9RIEUR INCLIN\u00c9 POUR LEVIER MOTORSPORT NOIR ANODIS\u00c9 - PAROLIN FRANCE","og_description":"SUPPORT SUP\u00c9RIEUR INCLIN\u00c9 POUR LEVIER MOTORSPORT NOIR ANODIS\u00c9","og_url":"https:\/\/parolin-france.fr\/index.php\/produit\/produit-28\/","og_site_name":"PAROLIN FRANCE","article_modified_time":"2026-04-28T04:54:58+00:00","og_image":[{"width":1200,"height":800,"url":"https:\/\/parolin-france.fr\/wp-content\/uploads\/2024\/06\/10SCMB1-B.jpg","type":"image\/jpeg"}],"twitter_card":"summary_large_image","twitter_misc":{"Dur\u00e9e de lecture estim\u00e9e":"1 minute"},"schema":{"@context":"https:\/\/schema.org","@graph":[{"@type":"WebPage","@id":"https:\/\/parolin-france.fr\/index.php\/produit\/produit-28\/","url":"https:\/\/parolin-france.fr\/index.php\/produit\/produit-28\/","name":"SUPPORT SUP\u00c9RIEUR INCLIN\u00c9 POUR LEVIER MOTORSPORT NOIR ANODIS\u00c9 - PAROLIN FRANCE","isPartOf":{"@id":"https:\/\/parolin-france.fr\/#website"},"primaryImageOfPage":{"@id":"https:\/\/parolin-france.fr\/index.php\/produit\/produit-28\/#primaryimage"},"image":{"@id":"https:\/\/parolin-france.fr\/index.php\/produit\/produit-28\/#primaryimage"},"thumbnailUrl":"https:\/\/parolin-france.fr\/wp-content\/uploads\/2024\/06\/10SCMB1-B.jpg","datePublished":"2024-06-11T05:15:16+00:00","dateModified":"2026-04-28T04:54:58+00:00","breadcrumb":{"@id":"https:\/\/parolin-france.fr\/index.php\/produit\/produit-28\/#breadcrumb"},"inLanguage":"fr-FR","potentialAction":[{"@type":"ReadAction","target":["https:\/\/parolin-france.fr\/index.php\/produit\/produit-28\/"]}]},{"@type":"ImageObject","inLanguage":"fr-FR","@id":"https:\/\/parolin-france.fr\/index.php\/produit\/produit-28\/#primaryimage","url":"https:\/\/parolin-france.fr\/wp-content\/uploads\/2024\/06\/10SCMB1-B.jpg","contentUrl":"https:\/\/parolin-france.fr\/wp-content\/uploads\/2024\/06\/10SCMB1-B.jpg","width":1200,"height":800},{"@type":"BreadcrumbList","@id":"https:\/\/parolin-france.fr\/index.php\/produit\/produit-28\/#breadcrumb","itemListElement":[{"@type":"ListItem","position":1,"name":"Accueil","item":"https:\/\/parolin-france.fr\/"},{"@type":"ListItem","position":2,"name":"Boutique","item":"https:\/\/parolin-france.fr\/index.php\/boutique\/"},{"@type":"ListItem","position":3,"name":"SUPPORT SUP\u00c9RIEUR INCLIN\u00c9 POUR LEVIER MOTORSPORT NOIR ANODIS\u00c9"}]},{"@type":"WebSite","@id":"https:\/\/parolin-france.fr\/#website","url":"https:\/\/parolin-france.fr\/","name":"PAROLIN FRANCE","description":"Ch\u00e2ssis de karting","publisher":{"@id":"https:\/\/parolin-france.fr\/#organization"},"potentialAction":[{"@type":"SearchAction","target":{"@type":"EntryPoint","urlTemplate":"https:\/\/parolin-france.fr\/?s={search_term_string}"},"query-input":{"@type":"PropertyValueSpecification","valueRequired":true,"valueName":"search_term_string"}}],"inLanguage":"fr-FR"},{"@type":"Organization","@id":"https:\/\/parolin-france.fr\/#organization","name":"PAROLIN FRANCE","url":"https:\/\/parolin-france.fr\/","logo":{"@type":"ImageObject","inLanguage":"fr-FR","@id":"https:\/\/parolin-france.fr\/#\/schema\/logo\/image\/","url":"https:\/\/parolin-france.fr\/wp-content\/uploads\/2024\/03\/logo_parolin_fr.jpg","contentUrl":"https:\/\/parolin-france.fr\/wp-content\/uploads\/2024\/03\/logo_parolin_fr.jpg","width":1785,"height":456,"caption":"PAROLIN FRANCE"},"image":{"@id":"https:\/\/parolin-france.fr\/#\/schema\/logo\/image\/"}}]}},"_links":{"self":[{"href":"https:\/\/parolin-france.fr\/index.php\/wp-json\/wp\/v2\/product\/2434","targetHints":{"allow":["GET"]}}],"collection":[{"href":"https:\/\/parolin-france.fr\/index.php\/wp-json\/wp\/v2\/product"}],"about":[{"href":"https:\/\/parolin-france.fr\/index.php\/wp-json\/wp\/v2\/types\/product"}],"wp:featuredmedia":[{"embeddable":true,"href":"https:\/\/parolin-france.fr\/index.php\/wp-json\/wp\/v2\/media\/2433"}],"wp:attachment":[{"href":"https:\/\/parolin-france.fr\/index.php\/wp-json\/wp\/v2\/media?parent=2434"}],"wp:term":[{"taxonomy":"product_brand","embeddable":true,"href":"https:\/\/parolin-france.fr\/index.php\/wp-json\/wp\/v2\/product_brand?post=2434"},{"taxonomy":"product_cat","embeddable":true,"href":"https:\/\/parolin-france.fr\/index.php\/wp-json\/wp\/v2\/product_cat?post=2434"},{"taxonomy":"product_tag","embeddable":true,"href":"https:\/\/parolin-france.fr\/index.php\/wp-json\/wp\/v2\/product_tag?post=2434"}],"curies":[{"name":"wp","href":"https:\/\/api.w.org\/{rel}","templated":true}]}}