{"id":1483,"date":"2024-04-17T21:26:17","date_gmt":"2024-04-17T19:26:17","guid":{"rendered":"https:\/\/parolin-france.fr\/?post_type=product&#038;p=1483"},"modified":"2024-08-08T07:14:07","modified_gmt":"2024-08-08T05:14:07","slug":"reservoir-de-recuperation","status":"publish","type":"product","link":"https:\/\/parolin-france.fr\/index.php\/produit\/reservoir-de-recuperation\/","title":{"rendered":"R\u00c9SERVOIR DE R\u00c9CUP\u00c9RATION"},"content":{"rendered":"<p>R\u00c9SERVOIR DE R\u00c9CUP\u00c9RATION<\/p>\n","protected":false},"excerpt":{"rendered":"<p>R\u00c9SERVOIR DE R\u00c9CUP\u00c9RATION<\/p>\n","protected":false},"featured_media":423,"template":"","meta":{"_crdt_document":""},"product_brand":[],"product_cat":[59,18,58,47,60,82,96],"product_tag":[21],"class_list":{"0":"post-1483","1":"product","2":"type-product","3":"status-publish","4":"has-post-thumbnail","6":"product_cat-parolin-kz","7":"product_cat-mini-60","8":"product_cat-parolin-national-rotax-senior","9":"product_cat-options-mini","10":"product_cat-accesoires","11":"product_cat-option-kz-chassis-parolin","12":"product_cat-accessoires-parolin-national-rotax-senior","13":"product_tag-mini-60","14":"product_shipping_class-colis-normaux","16":"first","17":"instock","18":"taxable","19":"shipping-taxable","20":"purchasable","21":"product-type-simple"},"yoast_head":"<!-- This site is optimized with the Yoast SEO plugin v27.3 - https:\/\/yoast.com\/product\/yoast-seo-wordpress\/ -->\n<title>R\u00c9SERVOIR DE R\u00c9CUP\u00c9RATION - PAROLIN FRANCE<\/title>\n<meta name=\"robots\" content=\"index, follow, max-snippet:-1, max-image-preview:large, max-video-preview:-1\" \/>\n<link rel=\"canonical\" href=\"https:\/\/parolin-france.fr\/index.php\/produit\/reservoir-de-recuperation\/\" \/>\n<meta property=\"og:locale\" content=\"fr_FR\" \/>\n<meta property=\"og:type\" content=\"article\" \/>\n<meta property=\"og:title\" content=\"R\u00c9SERVOIR DE R\u00c9CUP\u00c9RATION - PAROLIN FRANCE\" \/>\n<meta property=\"og:description\" content=\"R\u00c9SERVOIR DE R\u00c9CUP\u00c9RATION\" \/>\n<meta property=\"og:url\" content=\"https:\/\/parolin-france.fr\/index.php\/produit\/reservoir-de-recuperation\/\" \/>\n<meta property=\"og:site_name\" content=\"PAROLIN FRANCE\" \/>\n<meta property=\"article:modified_time\" content=\"2024-08-08T05:14:07+00:00\" \/>\n<meta property=\"og:image\" content=\"https:\/\/parolin-france.fr\/wp-content\/uploads\/2024\/03\/20XR.jpg\" \/>\n\t<meta property=\"og:image:width\" content=\"1004\" \/>\n\t<meta property=\"og:image:height\" content=\"920\" \/>\n\t<meta property=\"og:image:type\" content=\"image\/jpeg\" \/>\n<meta name=\"twitter:card\" content=\"summary_large_image\" \/>\n<script type=\"application\/ld+json\" class=\"yoast-schema-graph\">{\"@context\":\"https:\\\/\\\/schema.org\",\"@graph\":[{\"@type\":\"WebPage\",\"@id\":\"https:\\\/\\\/parolin-france.fr\\\/index.php\\\/produit\\\/reservoir-de-recuperation\\\/\",\"url\":\"https:\\\/\\\/parolin-france.fr\\\/index.php\\\/produit\\\/reservoir-de-recuperation\\\/\",\"name\":\"R\u00c9SERVOIR DE R\u00c9CUP\u00c9RATION - PAROLIN FRANCE\",\"isPartOf\":{\"@id\":\"https:\\\/\\\/parolin-france.fr\\\/#website\"},\"primaryImageOfPage\":{\"@id\":\"https:\\\/\\\/parolin-france.fr\\\/index.php\\\/produit\\\/reservoir-de-recuperation\\\/#primaryimage\"},\"image\":{\"@id\":\"https:\\\/\\\/parolin-france.fr\\\/index.php\\\/produit\\\/reservoir-de-recuperation\\\/#primaryimage\"},\"thumbnailUrl\":\"https:\\\/\\\/parolin-france.fr\\\/wp-content\\\/uploads\\\/2024\\\/03\\\/20XR.jpg\",\"datePublished\":\"2024-04-17T19:26:17+00:00\",\"dateModified\":\"2024-08-08T05:14:07+00:00\",\"breadcrumb\":{\"@id\":\"https:\\\/\\\/parolin-france.fr\\\/index.php\\\/produit\\\/reservoir-de-recuperation\\\/#breadcrumb\"},\"inLanguage\":\"fr-FR\",\"potentialAction\":[{\"@type\":\"ReadAction\",\"target\":[\"https:\\\/\\\/parolin-france.fr\\\/index.php\\\/produit\\\/reservoir-de-recuperation\\\/\"]}]},{\"@type\":\"ImageObject\",\"inLanguage\":\"fr-FR\",\"@id\":\"https:\\\/\\\/parolin-france.fr\\\/index.php\\\/produit\\\/reservoir-de-recuperation\\\/#primaryimage\",\"url\":\"https:\\\/\\\/parolin-france.fr\\\/wp-content\\\/uploads\\\/2024\\\/03\\\/20XR.jpg\",\"contentUrl\":\"https:\\\/\\\/parolin-france.fr\\\/wp-content\\\/uploads\\\/2024\\\/03\\\/20XR.jpg\",\"width\":1004,\"height\":920},{\"@type\":\"BreadcrumbList\",\"@id\":\"https:\\\/\\\/parolin-france.fr\\\/index.php\\\/produit\\\/reservoir-de-recuperation\\\/#breadcrumb\",\"itemListElement\":[{\"@type\":\"ListItem\",\"position\":1,\"name\":\"Accueil\",\"item\":\"https:\\\/\\\/parolin-france.fr\\\/\"},{\"@type\":\"ListItem\",\"position\":2,\"name\":\"Boutique\",\"item\":\"https:\\\/\\\/parolin-france.fr\\\/index.php\\\/boutique\\\/\"},{\"@type\":\"ListItem\",\"position\":3,\"name\":\"R\u00c9SERVOIR DE R\u00c9CUP\u00c9RATION\"}]},{\"@type\":\"WebSite\",\"@id\":\"https:\\\/\\\/parolin-france.fr\\\/#website\",\"url\":\"https:\\\/\\\/parolin-france.fr\\\/\",\"name\":\"PAROLIN FRANCE\",\"description\":\"Ch\u00e2ssis de karting\",\"publisher\":{\"@id\":\"https:\\\/\\\/parolin-france.fr\\\/#organization\"},\"potentialAction\":[{\"@type\":\"SearchAction\",\"target\":{\"@type\":\"EntryPoint\",\"urlTemplate\":\"https:\\\/\\\/parolin-france.fr\\\/?s={search_term_string}\"},\"query-input\":{\"@type\":\"PropertyValueSpecification\",\"valueRequired\":true,\"valueName\":\"search_term_string\"}}],\"inLanguage\":\"fr-FR\"},{\"@type\":\"Organization\",\"@id\":\"https:\\\/\\\/parolin-france.fr\\\/#organization\",\"name\":\"PAROLIN FRANCE\",\"url\":\"https:\\\/\\\/parolin-france.fr\\\/\",\"logo\":{\"@type\":\"ImageObject\",\"inLanguage\":\"fr-FR\",\"@id\":\"https:\\\/\\\/parolin-france.fr\\\/#\\\/schema\\\/logo\\\/image\\\/\",\"url\":\"https:\\\/\\\/parolin-france.fr\\\/wp-content\\\/uploads\\\/2024\\\/03\\\/logo_parolin_fr.jpg\",\"contentUrl\":\"https:\\\/\\\/parolin-france.fr\\\/wp-content\\\/uploads\\\/2024\\\/03\\\/logo_parolin_fr.jpg\",\"width\":1785,\"height\":456,\"caption\":\"PAROLIN FRANCE\"},\"image\":{\"@id\":\"https:\\\/\\\/parolin-france.fr\\\/#\\\/schema\\\/logo\\\/image\\\/\"}}]}<\/script>\n<!-- \/ Yoast SEO plugin. -->","yoast_head_json":{"title":"R\u00c9SERVOIR DE R\u00c9CUP\u00c9RATION - PAROLIN FRANCE","robots":{"index":"index","follow":"follow","max-snippet":"max-snippet:-1","max-image-preview":"max-image-preview:large","max-video-preview":"max-video-preview:-1"},"canonical":"https:\/\/parolin-france.fr\/index.php\/produit\/reservoir-de-recuperation\/","og_locale":"fr_FR","og_type":"article","og_title":"R\u00c9SERVOIR DE R\u00c9CUP\u00c9RATION - PAROLIN FRANCE","og_description":"R\u00c9SERVOIR DE R\u00c9CUP\u00c9RATION","og_url":"https:\/\/parolin-france.fr\/index.php\/produit\/reservoir-de-recuperation\/","og_site_name":"PAROLIN FRANCE","article_modified_time":"2024-08-08T05:14:07+00:00","og_image":[{"width":1004,"height":920,"url":"https:\/\/parolin-france.fr\/wp-content\/uploads\/2024\/03\/20XR.jpg","type":"image\/jpeg"}],"twitter_card":"summary_large_image","schema":{"@context":"https:\/\/schema.org","@graph":[{"@type":"WebPage","@id":"https:\/\/parolin-france.fr\/index.php\/produit\/reservoir-de-recuperation\/","url":"https:\/\/parolin-france.fr\/index.php\/produit\/reservoir-de-recuperation\/","name":"R\u00c9SERVOIR DE R\u00c9CUP\u00c9RATION - PAROLIN FRANCE","isPartOf":{"@id":"https:\/\/parolin-france.fr\/#website"},"primaryImageOfPage":{"@id":"https:\/\/parolin-france.fr\/index.php\/produit\/reservoir-de-recuperation\/#primaryimage"},"image":{"@id":"https:\/\/parolin-france.fr\/index.php\/produit\/reservoir-de-recuperation\/#primaryimage"},"thumbnailUrl":"https:\/\/parolin-france.fr\/wp-content\/uploads\/2024\/03\/20XR.jpg","datePublished":"2024-04-17T19:26:17+00:00","dateModified":"2024-08-08T05:14:07+00:00","breadcrumb":{"@id":"https:\/\/parolin-france.fr\/index.php\/produit\/reservoir-de-recuperation\/#breadcrumb"},"inLanguage":"fr-FR","potentialAction":[{"@type":"ReadAction","target":["https:\/\/parolin-france.fr\/index.php\/produit\/reservoir-de-recuperation\/"]}]},{"@type":"ImageObject","inLanguage":"fr-FR","@id":"https:\/\/parolin-france.fr\/index.php\/produit\/reservoir-de-recuperation\/#primaryimage","url":"https:\/\/parolin-france.fr\/wp-content\/uploads\/2024\/03\/20XR.jpg","contentUrl":"https:\/\/parolin-france.fr\/wp-content\/uploads\/2024\/03\/20XR.jpg","width":1004,"height":920},{"@type":"BreadcrumbList","@id":"https:\/\/parolin-france.fr\/index.php\/produit\/reservoir-de-recuperation\/#breadcrumb","itemListElement":[{"@type":"ListItem","position":1,"name":"Accueil","item":"https:\/\/parolin-france.fr\/"},{"@type":"ListItem","position":2,"name":"Boutique","item":"https:\/\/parolin-france.fr\/index.php\/boutique\/"},{"@type":"ListItem","position":3,"name":"R\u00c9SERVOIR DE R\u00c9CUP\u00c9RATION"}]},{"@type":"WebSite","@id":"https:\/\/parolin-france.fr\/#website","url":"https:\/\/parolin-france.fr\/","name":"PAROLIN FRANCE","description":"Ch\u00e2ssis de karting","publisher":{"@id":"https:\/\/parolin-france.fr\/#organization"},"potentialAction":[{"@type":"SearchAction","target":{"@type":"EntryPoint","urlTemplate":"https:\/\/parolin-france.fr\/?s={search_term_string}"},"query-input":{"@type":"PropertyValueSpecification","valueRequired":true,"valueName":"search_term_string"}}],"inLanguage":"fr-FR"},{"@type":"Organization","@id":"https:\/\/parolin-france.fr\/#organization","name":"PAROLIN FRANCE","url":"https:\/\/parolin-france.fr\/","logo":{"@type":"ImageObject","inLanguage":"fr-FR","@id":"https:\/\/parolin-france.fr\/#\/schema\/logo\/image\/","url":"https:\/\/parolin-france.fr\/wp-content\/uploads\/2024\/03\/logo_parolin_fr.jpg","contentUrl":"https:\/\/parolin-france.fr\/wp-content\/uploads\/2024\/03\/logo_parolin_fr.jpg","width":1785,"height":456,"caption":"PAROLIN FRANCE"},"image":{"@id":"https:\/\/parolin-france.fr\/#\/schema\/logo\/image\/"}}]}},"_links":{"self":[{"href":"https:\/\/parolin-france.fr\/index.php\/wp-json\/wp\/v2\/product\/1483","targetHints":{"allow":["GET"]}}],"collection":[{"href":"https:\/\/parolin-france.fr\/index.php\/wp-json\/wp\/v2\/product"}],"about":[{"href":"https:\/\/parolin-france.fr\/index.php\/wp-json\/wp\/v2\/types\/product"}],"wp:featuredmedia":[{"embeddable":true,"href":"https:\/\/parolin-france.fr\/index.php\/wp-json\/wp\/v2\/media\/423"}],"wp:attachment":[{"href":"https:\/\/parolin-france.fr\/index.php\/wp-json\/wp\/v2\/media?parent=1483"}],"wp:term":[{"taxonomy":"product_brand","embeddable":true,"href":"https:\/\/parolin-france.fr\/index.php\/wp-json\/wp\/v2\/product_brand?post=1483"},{"taxonomy":"product_cat","embeddable":true,"href":"https:\/\/parolin-france.fr\/index.php\/wp-json\/wp\/v2\/product_cat?post=1483"},{"taxonomy":"product_tag","embeddable":true,"href":"https:\/\/parolin-france.fr\/index.php\/wp-json\/wp\/v2\/product_tag?post=1483"}],"curies":[{"name":"wp","href":"https:\/\/api.w.org\/{rel}","templated":true}]}}