{"id":1426,"date":"2024-04-17T21:25:36","date_gmt":"2024-04-17T19:25:36","guid":{"rendered":"https:\/\/parolin-france.fr\/?post_type=product&#038;p=1426"},"modified":"2025-05-20T11:35:22","modified_gmt":"2025-05-20T09:35:22","slug":"vis-tournee-trou-filete-pour-distributeur-de-frein","status":"publish","type":"product","link":"https:\/\/parolin-france.fr\/index.php\/produit\/vis-tournee-trou-filete-pour-distributeur-de-frein\/","title":{"rendered":"VIS TOURN\u00c9E &#8211; TROU FILET\u00c9 POUR DISTRIBUTEUR DE FREIN"},"content":{"rendered":"<p>VIS TOURN\u00c9E &#8211; TROU FILET\u00c9 POUR DISTRIBUTEUR DE FREIN<\/p>\n","protected":false},"excerpt":{"rendered":"<p>VIS TOURN\u00c9E &#8211; TROU FILET\u00c9 POUR DISTRIBUTEUR DE FREIN<\/p>\n","protected":false},"featured_media":341,"template":"","meta":[],"product_brand":[],"product_cat":[56,83,93,59,18,58],"product_tag":[21],"class_list":{"0":"post-1426","1":"product","2":"type-product","3":"status-publish","4":"has-post-thumbnail","6":"product_cat-freins","7":"product_cat-freins-parolin-kz","8":"product_cat-freins-parolin-national-rotax-senior","9":"product_cat-parolin-kz","10":"product_cat-mini-60","11":"product_cat-parolin-national-rotax-senior","12":"product_tag-mini-60","13":"product_shipping_class-colis-normaux","15":"first","16":"instock","17":"taxable","18":"shipping-taxable","19":"purchasable","20":"product-type-simple"},"yoast_head":"<!-- This site is optimized with the Yoast SEO plugin v26.2 - https:\/\/yoast.com\/wordpress\/plugins\/seo\/ -->\n<title>VIS TOURN\u00c9E - TROU FILET\u00c9 POUR DISTRIBUTEUR DE FREIN - PAROLIN FRANCE<\/title>\n<meta name=\"robots\" content=\"index, follow, max-snippet:-1, max-image-preview:large, max-video-preview:-1\" \/>\n<link rel=\"canonical\" href=\"https:\/\/parolin-france.fr\/index.php\/produit\/vis-tournee-trou-filete-pour-distributeur-de-frein\/\" \/>\n<meta property=\"og:locale\" content=\"fr_FR\" \/>\n<meta property=\"og:type\" content=\"article\" \/>\n<meta property=\"og:title\" content=\"VIS TOURN\u00c9E - TROU FILET\u00c9 POUR DISTRIBUTEUR DE FREIN - PAROLIN FRANCE\" \/>\n<meta property=\"og:description\" content=\"VIS TOURN\u00c9E - TROU FILET\u00c9 POUR DISTRIBUTEUR DE FREIN\" \/>\n<meta property=\"og:url\" content=\"https:\/\/parolin-france.fr\/index.php\/produit\/vis-tournee-trou-filete-pour-distributeur-de-frein\/\" \/>\n<meta property=\"og:site_name\" content=\"PAROLIN FRANCE\" \/>\n<meta property=\"article:modified_time\" content=\"2025-05-20T09:35:22+00:00\" \/>\n<meta property=\"og:image\" content=\"https:\/\/parolin-france.fr\/wp-content\/uploads\/2024\/03\/20CEFP.jpg\" \/>\n\t<meta property=\"og:image:width\" content=\"1529\" \/>\n\t<meta property=\"og:image:height\" content=\"946\" \/>\n\t<meta property=\"og:image:type\" content=\"image\/jpeg\" \/>\n<meta name=\"twitter:card\" content=\"summary_large_image\" \/>\n<meta name=\"twitter:label1\" content=\"Dur\u00e9e de lecture estim\u00e9e\" \/>\n\t<meta name=\"twitter:data1\" content=\"1 minute\" \/>\n<script type=\"application\/ld+json\" class=\"yoast-schema-graph\">{\"@context\":\"https:\/\/schema.org\",\"@graph\":[{\"@type\":\"WebPage\",\"@id\":\"https:\/\/parolin-france.fr\/index.php\/produit\/vis-tournee-trou-filete-pour-distributeur-de-frein\/\",\"url\":\"https:\/\/parolin-france.fr\/index.php\/produit\/vis-tournee-trou-filete-pour-distributeur-de-frein\/\",\"name\":\"VIS TOURN\u00c9E - TROU FILET\u00c9 POUR DISTRIBUTEUR DE FREIN - PAROLIN FRANCE\",\"isPartOf\":{\"@id\":\"https:\/\/parolin-france.fr\/#website\"},\"primaryImageOfPage\":{\"@id\":\"https:\/\/parolin-france.fr\/index.php\/produit\/vis-tournee-trou-filete-pour-distributeur-de-frein\/#primaryimage\"},\"image\":{\"@id\":\"https:\/\/parolin-france.fr\/index.php\/produit\/vis-tournee-trou-filete-pour-distributeur-de-frein\/#primaryimage\"},\"thumbnailUrl\":\"https:\/\/parolin-france.fr\/wp-content\/uploads\/2024\/03\/20CEFP.jpg\",\"datePublished\":\"2024-04-17T19:25:36+00:00\",\"dateModified\":\"2025-05-20T09:35:22+00:00\",\"breadcrumb\":{\"@id\":\"https:\/\/parolin-france.fr\/index.php\/produit\/vis-tournee-trou-filete-pour-distributeur-de-frein\/#breadcrumb\"},\"inLanguage\":\"fr-FR\",\"potentialAction\":[{\"@type\":\"ReadAction\",\"target\":[\"https:\/\/parolin-france.fr\/index.php\/produit\/vis-tournee-trou-filete-pour-distributeur-de-frein\/\"]}]},{\"@type\":\"ImageObject\",\"inLanguage\":\"fr-FR\",\"@id\":\"https:\/\/parolin-france.fr\/index.php\/produit\/vis-tournee-trou-filete-pour-distributeur-de-frein\/#primaryimage\",\"url\":\"https:\/\/parolin-france.fr\/wp-content\/uploads\/2024\/03\/20CEFP.jpg\",\"contentUrl\":\"https:\/\/parolin-france.fr\/wp-content\/uploads\/2024\/03\/20CEFP.jpg\",\"width\":1529,\"height\":946},{\"@type\":\"BreadcrumbList\",\"@id\":\"https:\/\/parolin-france.fr\/index.php\/produit\/vis-tournee-trou-filete-pour-distributeur-de-frein\/#breadcrumb\",\"itemListElement\":[{\"@type\":\"ListItem\",\"position\":1,\"name\":\"Accueil\",\"item\":\"https:\/\/parolin-france.fr\/\"},{\"@type\":\"ListItem\",\"position\":2,\"name\":\"Boutique\",\"item\":\"https:\/\/parolin-france.fr\/index.php\/boutique\/\"},{\"@type\":\"ListItem\",\"position\":3,\"name\":\"VIS TOURN\u00c9E &#8211; TROU FILET\u00c9 POUR DISTRIBUTEUR DE FREIN\"}]},{\"@type\":\"WebSite\",\"@id\":\"https:\/\/parolin-france.fr\/#website\",\"url\":\"https:\/\/parolin-france.fr\/\",\"name\":\"PAROLIN FRANCE\",\"description\":\"Ch\u00e2ssis de karting\",\"publisher\":{\"@id\":\"https:\/\/parolin-france.fr\/#organization\"},\"potentialAction\":[{\"@type\":\"SearchAction\",\"target\":{\"@type\":\"EntryPoint\",\"urlTemplate\":\"https:\/\/parolin-france.fr\/?s={search_term_string}\"},\"query-input\":{\"@type\":\"PropertyValueSpecification\",\"valueRequired\":true,\"valueName\":\"search_term_string\"}}],\"inLanguage\":\"fr-FR\"},{\"@type\":\"Organization\",\"@id\":\"https:\/\/parolin-france.fr\/#organization\",\"name\":\"PAROLIN FRANCE\",\"url\":\"https:\/\/parolin-france.fr\/\",\"logo\":{\"@type\":\"ImageObject\",\"inLanguage\":\"fr-FR\",\"@id\":\"https:\/\/parolin-france.fr\/#\/schema\/logo\/image\/\",\"url\":\"https:\/\/parolin-france.fr\/wp-content\/uploads\/2024\/03\/logo_parolin_fr.jpg\",\"contentUrl\":\"https:\/\/parolin-france.fr\/wp-content\/uploads\/2024\/03\/logo_parolin_fr.jpg\",\"width\":1785,\"height\":456,\"caption\":\"PAROLIN FRANCE\"},\"image\":{\"@id\":\"https:\/\/parolin-france.fr\/#\/schema\/logo\/image\/\"}}]}<\/script>\n<!-- \/ Yoast SEO plugin. -->","yoast_head_json":{"title":"VIS TOURN\u00c9E - TROU FILET\u00c9 POUR DISTRIBUTEUR DE FREIN - PAROLIN FRANCE","robots":{"index":"index","follow":"follow","max-snippet":"max-snippet:-1","max-image-preview":"max-image-preview:large","max-video-preview":"max-video-preview:-1"},"canonical":"https:\/\/parolin-france.fr\/index.php\/produit\/vis-tournee-trou-filete-pour-distributeur-de-frein\/","og_locale":"fr_FR","og_type":"article","og_title":"VIS TOURN\u00c9E - TROU FILET\u00c9 POUR DISTRIBUTEUR DE FREIN - PAROLIN FRANCE","og_description":"VIS TOURN\u00c9E - TROU FILET\u00c9 POUR DISTRIBUTEUR DE FREIN","og_url":"https:\/\/parolin-france.fr\/index.php\/produit\/vis-tournee-trou-filete-pour-distributeur-de-frein\/","og_site_name":"PAROLIN FRANCE","article_modified_time":"2025-05-20T09:35:22+00:00","og_image":[{"width":1529,"height":946,"url":"https:\/\/parolin-france.fr\/wp-content\/uploads\/2024\/03\/20CEFP.jpg","type":"image\/jpeg"}],"twitter_card":"summary_large_image","twitter_misc":{"Dur\u00e9e de lecture estim\u00e9e":"1 minute"},"schema":{"@context":"https:\/\/schema.org","@graph":[{"@type":"WebPage","@id":"https:\/\/parolin-france.fr\/index.php\/produit\/vis-tournee-trou-filete-pour-distributeur-de-frein\/","url":"https:\/\/parolin-france.fr\/index.php\/produit\/vis-tournee-trou-filete-pour-distributeur-de-frein\/","name":"VIS TOURN\u00c9E - TROU FILET\u00c9 POUR DISTRIBUTEUR DE FREIN - PAROLIN FRANCE","isPartOf":{"@id":"https:\/\/parolin-france.fr\/#website"},"primaryImageOfPage":{"@id":"https:\/\/parolin-france.fr\/index.php\/produit\/vis-tournee-trou-filete-pour-distributeur-de-frein\/#primaryimage"},"image":{"@id":"https:\/\/parolin-france.fr\/index.php\/produit\/vis-tournee-trou-filete-pour-distributeur-de-frein\/#primaryimage"},"thumbnailUrl":"https:\/\/parolin-france.fr\/wp-content\/uploads\/2024\/03\/20CEFP.jpg","datePublished":"2024-04-17T19:25:36+00:00","dateModified":"2025-05-20T09:35:22+00:00","breadcrumb":{"@id":"https:\/\/parolin-france.fr\/index.php\/produit\/vis-tournee-trou-filete-pour-distributeur-de-frein\/#breadcrumb"},"inLanguage":"fr-FR","potentialAction":[{"@type":"ReadAction","target":["https:\/\/parolin-france.fr\/index.php\/produit\/vis-tournee-trou-filete-pour-distributeur-de-frein\/"]}]},{"@type":"ImageObject","inLanguage":"fr-FR","@id":"https:\/\/parolin-france.fr\/index.php\/produit\/vis-tournee-trou-filete-pour-distributeur-de-frein\/#primaryimage","url":"https:\/\/parolin-france.fr\/wp-content\/uploads\/2024\/03\/20CEFP.jpg","contentUrl":"https:\/\/parolin-france.fr\/wp-content\/uploads\/2024\/03\/20CEFP.jpg","width":1529,"height":946},{"@type":"BreadcrumbList","@id":"https:\/\/parolin-france.fr\/index.php\/produit\/vis-tournee-trou-filete-pour-distributeur-de-frein\/#breadcrumb","itemListElement":[{"@type":"ListItem","position":1,"name":"Accueil","item":"https:\/\/parolin-france.fr\/"},{"@type":"ListItem","position":2,"name":"Boutique","item":"https:\/\/parolin-france.fr\/index.php\/boutique\/"},{"@type":"ListItem","position":3,"name":"VIS TOURN\u00c9E &#8211; TROU FILET\u00c9 POUR DISTRIBUTEUR DE FREIN"}]},{"@type":"WebSite","@id":"https:\/\/parolin-france.fr\/#website","url":"https:\/\/parolin-france.fr\/","name":"PAROLIN FRANCE","description":"Ch\u00e2ssis de karting","publisher":{"@id":"https:\/\/parolin-france.fr\/#organization"},"potentialAction":[{"@type":"SearchAction","target":{"@type":"EntryPoint","urlTemplate":"https:\/\/parolin-france.fr\/?s={search_term_string}"},"query-input":{"@type":"PropertyValueSpecification","valueRequired":true,"valueName":"search_term_string"}}],"inLanguage":"fr-FR"},{"@type":"Organization","@id":"https:\/\/parolin-france.fr\/#organization","name":"PAROLIN FRANCE","url":"https:\/\/parolin-france.fr\/","logo":{"@type":"ImageObject","inLanguage":"fr-FR","@id":"https:\/\/parolin-france.fr\/#\/schema\/logo\/image\/","url":"https:\/\/parolin-france.fr\/wp-content\/uploads\/2024\/03\/logo_parolin_fr.jpg","contentUrl":"https:\/\/parolin-france.fr\/wp-content\/uploads\/2024\/03\/logo_parolin_fr.jpg","width":1785,"height":456,"caption":"PAROLIN FRANCE"},"image":{"@id":"https:\/\/parolin-france.fr\/#\/schema\/logo\/image\/"}}]}},"_links":{"self":[{"href":"https:\/\/parolin-france.fr\/index.php\/wp-json\/wp\/v2\/product\/1426","targetHints":{"allow":["GET"]}}],"collection":[{"href":"https:\/\/parolin-france.fr\/index.php\/wp-json\/wp\/v2\/product"}],"about":[{"href":"https:\/\/parolin-france.fr\/index.php\/wp-json\/wp\/v2\/types\/product"}],"wp:featuredmedia":[{"embeddable":true,"href":"https:\/\/parolin-france.fr\/index.php\/wp-json\/wp\/v2\/media\/341"}],"wp:attachment":[{"href":"https:\/\/parolin-france.fr\/index.php\/wp-json\/wp\/v2\/media?parent=1426"}],"wp:term":[{"taxonomy":"product_brand","embeddable":true,"href":"https:\/\/parolin-france.fr\/index.php\/wp-json\/wp\/v2\/product_brand?post=1426"},{"taxonomy":"product_cat","embeddable":true,"href":"https:\/\/parolin-france.fr\/index.php\/wp-json\/wp\/v2\/product_cat?post=1426"},{"taxonomy":"product_tag","embeddable":true,"href":"https:\/\/parolin-france.fr\/index.php\/wp-json\/wp\/v2\/product_tag?post=1426"}],"curies":[{"name":"wp","href":"https:\/\/api.w.org\/{rel}","templated":true}]}}