{"id":636,"date":"2024-03-27T21:45:05","date_gmt":"2024-03-27T20:45:05","guid":{"rendered":"https:\/\/parolin-france.fr\/?page_id=636"},"modified":"2024-08-15T11:24:34","modified_gmt":"2024-08-15T09:24:34","slug":"contact","status":"publish","type":"page","link":"https:\/\/parolin-france.fr\/index.php\/contact\/","title":{"rendered":"Contact"},"content":{"rendered":"\n<p class=\"has-base-font-size wp-block-paragraph\">Laissez-nous votre message et nous vous r\u00e9pondrons dans les plus brefs d\u00e9lais. <\/p>\n\n\n\n<h5 class=\"wp-block-heading has-primary-color has-text-color has-link-color wp-elements-cc879ff1d172065623524b8ef8146866\"><strong>Service client : <\/strong><\/h5>\n\n\n\n<p class=\"has-base-font-size wp-block-paragraph\">Contactez nos sp\u00e9cialistes au\u00a0 <strong>06 61 20 25 47<\/strong><\/p>\n\n\n<div class=\"wpforms-container wpforms-container-full wpforms-block wpforms-block-4795aa66-4c63-430a-9ef5-480eb9a3728b wpforms-render-modern\" id=\"wpforms-651\"><form id=\"wpforms-form-651\" class=\"wpforms-validate wpforms-form wpforms-ajax-form\" data-formid=\"651\" method=\"post\" enctype=\"multipart\/form-data\" action=\"\/index.php\/wp-json\/wp\/v2\/pages\/636\" data-token=\"f04d29669df65e61bcbe21ed55e3da54\" data-token-time=\"1777287800\"><noscript class=\"wpforms-error-noscript\">Veuillez activer JavaScript dans votre navigateur pour remplir ce formulaire.<\/noscript><div id=\"wpforms-error-noscript\" style=\"display: none;\">Veuillez activer JavaScript dans votre navigateur pour remplir ce formulaire.<\/div><div class=\"wpforms-field-container\"><div id=\"wpforms-651-field_0-container\" class=\"wpforms-field wpforms-field-name\" data-field-id=\"0\"><fieldset><legend class=\"wpforms-field-label\">Nom <span class=\"wpforms-required-label\" aria-hidden=\"true\">*<\/span><\/legend><div class=\"wpforms-field-row wpforms-field-medium\"><div class=\"wpforms-field-row-block wpforms-first wpforms-one-half\"><input type=\"text\" id=\"wpforms-651-field_0\" class=\"wpforms-field-name-first wpforms-field-required\" name=\"wpforms[fields][0][first]\" aria-errormessage=\"wpforms-651-field_0-error\" required><label for=\"wpforms-651-field_0\" class=\"wpforms-field-sublabel after\">Pr\u00e9nom<\/label><\/div><div class=\"wpforms-field-row-block wpforms-one-half\"><input type=\"text\" id=\"wpforms-651-field_0-last\" class=\"wpforms-field-name-last wpforms-field-required\" name=\"wpforms[fields][0][last]\" aria-errormessage=\"wpforms-651-field_0-last-error\" required><label for=\"wpforms-651-field_0-last\" class=\"wpforms-field-sublabel after\">Nom<\/label><\/div><\/div><\/fieldset><\/div><div id=\"wpforms-651-field_1-container\" class=\"wpforms-field wpforms-field-email\" data-field-id=\"1\"><label class=\"wpforms-field-label\" for=\"wpforms-651-field_1\">E-mail <span class=\"wpforms-required-label\" aria-hidden=\"true\">*<\/span><\/label><input type=\"email\" id=\"wpforms-651-field_1\" class=\"wpforms-field-medium wpforms-field-required\" name=\"wpforms[fields][1]\" spellcheck=\"false\" aria-errormessage=\"wpforms-651-field_1-error\" required><\/div><div id=\"wpforms-651-field_2-container\" class=\"wpforms-field wpforms-field-textarea\" data-field-id=\"2\"><label class=\"wpforms-field-label\" for=\"wpforms-651-field_2\">Commentaire ou message<\/label><textarea id=\"wpforms-651-field_2\" class=\"wpforms-field-medium\" name=\"wpforms[fields][2]\" aria-errormessage=\"wpforms-651-field_2-error\" ><\/textarea><\/div><\/div><!-- .wpforms-field-container --><div class=\"wpforms-recaptcha-container wpforms-is-recaptcha wpforms-is-recaptcha-type-v2\" ><div class=\"g-recaptcha\" data-sitekey=\"6LcP2FAqAAAAAEEAEvtlqRLQ054n2Dme9B14JUsH\"><\/div><input type=\"text\" name=\"g-recaptcha-hidden\" class=\"wpforms-recaptcha-hidden\" style=\"position:absolute!important;clip:rect(0,0,0,0)!important;height:1px!important;width:1px!important;border:0!important;overflow:hidden!important;padding:0!important;margin:0!important;\" data-rule-recaptcha=\"1\"><\/div><div class=\"wpforms-submit-container\" ><input type=\"hidden\" name=\"wpforms[id]\" value=\"651\"><input type=\"hidden\" name=\"page_title\" value=\"\"><input type=\"hidden\" name=\"page_url\" value=\"https:\/\/parolin-france.fr\/index.php\/wp-json\/wp\/v2\/pages\/636\"><input type=\"hidden\" name=\"url_referer\" value=\"\"><button type=\"submit\" name=\"wpforms[submit]\" id=\"wpforms-submit-651\" class=\"wpforms-submit\" data-alt-text=\"Envoi...\" data-submit-text=\"Envoyer\" aria-live=\"assertive\" value=\"wpforms-submit\">Envoyer<\/button><img loading=\"lazy\" decoding=\"async\" src=\"https:\/\/parolin-france.fr\/wp-content\/plugins\/wpforms-lite\/assets\/images\/submit-spin.svg\" class=\"wpforms-submit-spinner\" style=\"display: none;\" width=\"26\" height=\"26\" alt=\"Chargement en cours\"><\/div><\/form><\/div>  <!-- .wpforms-container -->","protected":false},"excerpt":{"rendered":"<p>Laissez-nous votre message et nous vous r\u00e9pondrons dans les plus brefs d\u00e9lais. Service client : Contactez nos sp\u00e9cialistes au\u00a0 06 61 20 25 47<\/p>\n","protected":false},"author":2,"featured_media":0,"parent":0,"menu_order":0,"comment_status":"closed","ping_status":"closed","template":"","meta":{"_crdt_document":"","footnotes":""},"class_list":["post-636","page","type-page","status-publish","hentry"],"yoast_head":"<!-- This site is optimized with the Yoast SEO plugin v27.3 - https:\/\/yoast.com\/product\/yoast-seo-wordpress\/ -->\n<title>Contact - PAROLIN FRANCE<\/title>\n<meta name=\"robots\" content=\"index, follow, max-snippet:-1, max-image-preview:large, max-video-preview:-1\" \/>\n<link rel=\"canonical\" href=\"https:\/\/parolin-france.fr\/index.php\/contact\/\" \/>\n<meta property=\"og:locale\" content=\"fr_FR\" \/>\n<meta property=\"og:type\" content=\"article\" \/>\n<meta property=\"og:title\" content=\"Contact - PAROLIN FRANCE\" \/>\n<meta property=\"og:description\" content=\"Laissez-nous votre message et nous vous r\u00e9pondrons dans les plus brefs d\u00e9lais. Service client : Contactez nos sp\u00e9cialistes au\u00a0 06 61 20 25 47\" \/>\n<meta property=\"og:url\" content=\"https:\/\/parolin-france.fr\/index.php\/contact\/\" \/>\n<meta property=\"og:site_name\" content=\"PAROLIN FRANCE\" \/>\n<meta property=\"article:modified_time\" content=\"2024-08-15T09:24:34+00:00\" \/>\n<meta name=\"twitter:card\" content=\"summary_large_image\" \/>\n<meta name=\"twitter:label1\" content=\"Dur\u00e9e de lecture estim\u00e9e\" \/>\n\t<meta name=\"twitter:data1\" content=\"1 minute\" \/>\n<script type=\"application\/ld+json\" class=\"yoast-schema-graph\">{\"@context\":\"https:\\\/\\\/schema.org\",\"@graph\":[{\"@type\":\"WebPage\",\"@id\":\"https:\\\/\\\/parolin-france.fr\\\/index.php\\\/contact\\\/\",\"url\":\"https:\\\/\\\/parolin-france.fr\\\/index.php\\\/contact\\\/\",\"name\":\"Contact - PAROLIN FRANCE\",\"isPartOf\":{\"@id\":\"https:\\\/\\\/parolin-france.fr\\\/#website\"},\"datePublished\":\"2024-03-27T20:45:05+00:00\",\"dateModified\":\"2024-08-15T09:24:34+00:00\",\"breadcrumb\":{\"@id\":\"https:\\\/\\\/parolin-france.fr\\\/index.php\\\/contact\\\/#breadcrumb\"},\"inLanguage\":\"fr-FR\",\"potentialAction\":[{\"@type\":\"ReadAction\",\"target\":[\"https:\\\/\\\/parolin-france.fr\\\/index.php\\\/contact\\\/\"]}]},{\"@type\":\"BreadcrumbList\",\"@id\":\"https:\\\/\\\/parolin-france.fr\\\/index.php\\\/contact\\\/#breadcrumb\",\"itemListElement\":[{\"@type\":\"ListItem\",\"position\":1,\"name\":\"Accueil\",\"item\":\"https:\\\/\\\/parolin-france.fr\\\/\"},{\"@type\":\"ListItem\",\"position\":2,\"name\":\"Contact\"}]},{\"@type\":\"WebSite\",\"@id\":\"https:\\\/\\\/parolin-france.fr\\\/#website\",\"url\":\"https:\\\/\\\/parolin-france.fr\\\/\",\"name\":\"PAROLIN FRANCE\",\"description\":\"Ch\u00e2ssis de karting\",\"publisher\":{\"@id\":\"https:\\\/\\\/parolin-france.fr\\\/#organization\"},\"potentialAction\":[{\"@type\":\"SearchAction\",\"target\":{\"@type\":\"EntryPoint\",\"urlTemplate\":\"https:\\\/\\\/parolin-france.fr\\\/?s={search_term_string}\"},\"query-input\":{\"@type\":\"PropertyValueSpecification\",\"valueRequired\":true,\"valueName\":\"search_term_string\"}}],\"inLanguage\":\"fr-FR\"},{\"@type\":\"Organization\",\"@id\":\"https:\\\/\\\/parolin-france.fr\\\/#organization\",\"name\":\"PAROLIN FRANCE\",\"url\":\"https:\\\/\\\/parolin-france.fr\\\/\",\"logo\":{\"@type\":\"ImageObject\",\"inLanguage\":\"fr-FR\",\"@id\":\"https:\\\/\\\/parolin-france.fr\\\/#\\\/schema\\\/logo\\\/image\\\/\",\"url\":\"https:\\\/\\\/parolin-france.fr\\\/wp-content\\\/uploads\\\/2024\\\/03\\\/logo_parolin_fr.jpg\",\"contentUrl\":\"https:\\\/\\\/parolin-france.fr\\\/wp-content\\\/uploads\\\/2024\\\/03\\\/logo_parolin_fr.jpg\",\"width\":1785,\"height\":456,\"caption\":\"PAROLIN FRANCE\"},\"image\":{\"@id\":\"https:\\\/\\\/parolin-france.fr\\\/#\\\/schema\\\/logo\\\/image\\\/\"}}]}<\/script>\n<!-- \/ Yoast SEO plugin. -->","yoast_head_json":{"title":"Contact - PAROLIN FRANCE","robots":{"index":"index","follow":"follow","max-snippet":"max-snippet:-1","max-image-preview":"max-image-preview:large","max-video-preview":"max-video-preview:-1"},"canonical":"https:\/\/parolin-france.fr\/index.php\/contact\/","og_locale":"fr_FR","og_type":"article","og_title":"Contact - PAROLIN FRANCE","og_description":"Laissez-nous votre message et nous vous r\u00e9pondrons dans les plus brefs d\u00e9lais. Service client : Contactez nos sp\u00e9cialistes au\u00a0 06 61 20 25 47","og_url":"https:\/\/parolin-france.fr\/index.php\/contact\/","og_site_name":"PAROLIN FRANCE","article_modified_time":"2024-08-15T09:24:34+00:00","twitter_card":"summary_large_image","twitter_misc":{"Dur\u00e9e de lecture estim\u00e9e":"1 minute"},"schema":{"@context":"https:\/\/schema.org","@graph":[{"@type":"WebPage","@id":"https:\/\/parolin-france.fr\/index.php\/contact\/","url":"https:\/\/parolin-france.fr\/index.php\/contact\/","name":"Contact - PAROLIN FRANCE","isPartOf":{"@id":"https:\/\/parolin-france.fr\/#website"},"datePublished":"2024-03-27T20:45:05+00:00","dateModified":"2024-08-15T09:24:34+00:00","breadcrumb":{"@id":"https:\/\/parolin-france.fr\/index.php\/contact\/#breadcrumb"},"inLanguage":"fr-FR","potentialAction":[{"@type":"ReadAction","target":["https:\/\/parolin-france.fr\/index.php\/contact\/"]}]},{"@type":"BreadcrumbList","@id":"https:\/\/parolin-france.fr\/index.php\/contact\/#breadcrumb","itemListElement":[{"@type":"ListItem","position":1,"name":"Accueil","item":"https:\/\/parolin-france.fr\/"},{"@type":"ListItem","position":2,"name":"Contact"}]},{"@type":"WebSite","@id":"https:\/\/parolin-france.fr\/#website","url":"https:\/\/parolin-france.fr\/","name":"PAROLIN FRANCE","description":"Ch\u00e2ssis de karting","publisher":{"@id":"https:\/\/parolin-france.fr\/#organization"},"potentialAction":[{"@type":"SearchAction","target":{"@type":"EntryPoint","urlTemplate":"https:\/\/parolin-france.fr\/?s={search_term_string}"},"query-input":{"@type":"PropertyValueSpecification","valueRequired":true,"valueName":"search_term_string"}}],"inLanguage":"fr-FR"},{"@type":"Organization","@id":"https:\/\/parolin-france.fr\/#organization","name":"PAROLIN FRANCE","url":"https:\/\/parolin-france.fr\/","logo":{"@type":"ImageObject","inLanguage":"fr-FR","@id":"https:\/\/parolin-france.fr\/#\/schema\/logo\/image\/","url":"https:\/\/parolin-france.fr\/wp-content\/uploads\/2024\/03\/logo_parolin_fr.jpg","contentUrl":"https:\/\/parolin-france.fr\/wp-content\/uploads\/2024\/03\/logo_parolin_fr.jpg","width":1785,"height":456,"caption":"PAROLIN FRANCE"},"image":{"@id":"https:\/\/parolin-france.fr\/#\/schema\/logo\/image\/"}}]}},"_links":{"self":[{"href":"https:\/\/parolin-france.fr\/index.php\/wp-json\/wp\/v2\/pages\/636","targetHints":{"allow":["GET"]}}],"collection":[{"href":"https:\/\/parolin-france.fr\/index.php\/wp-json\/wp\/v2\/pages"}],"about":[{"href":"https:\/\/parolin-france.fr\/index.php\/wp-json\/wp\/v2\/types\/page"}],"author":[{"embeddable":true,"href":"https:\/\/parolin-france.fr\/index.php\/wp-json\/wp\/v2\/users\/2"}],"replies":[{"embeddable":true,"href":"https:\/\/parolin-france.fr\/index.php\/wp-json\/wp\/v2\/comments?post=636"}],"version-history":[{"count":1,"href":"https:\/\/parolin-france.fr\/index.php\/wp-json\/wp\/v2\/pages\/636\/revisions"}],"predecessor-version":[{"id":2912,"href":"https:\/\/parolin-france.fr\/index.php\/wp-json\/wp\/v2\/pages\/636\/revisions\/2912"}],"wp:attachment":[{"href":"https:\/\/parolin-france.fr\/index.php\/wp-json\/wp\/v2\/media?parent=636"}],"curies":[{"name":"wp","href":"https:\/\/api.w.org\/{rel}","templated":true}]}}